{"id":1374,"date":"2023-06-02T09:46:05","date_gmt":"2023-06-02T06:46:05","guid":{"rendered":"https:\/\/scudo.local\/tietosuoja\/"},"modified":"2024-01-23T15:13:24","modified_gmt":"2024-01-23T13:13:24","slug":"dataskyddsbeskrivning","status":"publish","type":"page","link":"https:\/\/www.scudo.fi\/sv\/dataskyddsbeskrivning\/","title":{"rendered":"Dataskyddsbeskrivning"},"content":{"rendered":"<p>[et_pb_section fb_built=&#8221;1&#8243; custom_padding_last_edited=&#8221;on|phone&#8221; admin_label=&#8221;Contact&#8221; _builder_version=&#8221;4.21.0&#8243; use_background_color_gradient=&#8221;on&#8221; background_color_gradient_stops=&#8221;#062610 0%|#167b2f 100%&#8221; background_color_gradient_start=&#8221;#12163D&#8221; background_color_gradient_end=&#8221;#2b2996&#8243; background_enable_image=&#8221;off&#8221; parallax=&#8221;on&#8221; custom_margin=&#8221;||||false|false&#8221; custom_padding=&#8221;200px|0|120px||false|false&#8221; custom_padding_tablet=&#8221;200px|||&#8221; custom_padding_phone=&#8221;150px||100px|&#8221; top_divider_height=&#8221;350px&#8221; top_divider_height_tablet=&#8221;200px&#8221; top_divider_height_phone=&#8221;150px&#8221; top_divider_height_last_edited=&#8221;on|phone&#8221; saved_tabs=&#8221;all&#8221; global_colors_info=&#8221;{}&#8221;][et_pb_row _builder_version=&#8221;4.16&#8243; global_colors_info=&#8221;{}&#8221;][et_pb_column type=&#8221;4_4&#8243; _builder_version=&#8221;4.16&#8243; custom_padding=&#8221;|||&#8221; global_colors_info=&#8221;{}&#8221; custom_padding__hover=&#8221;|||&#8221;][et_pb_text _builder_version=&#8221;4.21.0&#8243; text_font=&#8221;||||||||&#8221; header_font=&#8221;||||||||&#8221; header_font_size=&#8221;60px&#8221; header_2_font=&#8221;|600|||||||&#8221; header_2_font_size=&#8221;36px&#8221; header_2_letter_spacing=&#8221;2px&#8221; header_2_line_height=&#8221;1.3em&#8221; text_orientation=&#8221;center&#8221; background_layout=&#8221;dark&#8221; header_2_font_size_tablet=&#8221;&#8221; header_2_font_size_phone=&#8221;28px&#8221; header_2_font_size_last_edited=&#8221;on|phone&#8221; global_colors_info=&#8221;{}&#8221;]<\/p>\n<h1>Dataskydds\u00adbeskrivning<\/h1>\n<h2>Scudo Solutions Oy:s kund- och marknadsf\u00f6rings\u00adregister<\/h2>\n<p>[\/et_pb_text][et_pb_divider color=&#8221;#EECF32&#8243; divider_weight=&#8221;4px&#8221; _builder_version=&#8221;4.21.0&#8243; max_width=&#8221;80px&#8221; module_alignment=&#8221;center&#8221; height=&#8221;4px&#8221; global_colors_info=&#8221;{}&#8221;][\/et_pb_divider][et_pb_text _builder_version=&#8221;4.21.0&#8243; text_font=&#8221;||||||||&#8221; text_font_size=&#8221;16px&#8221; text_line_height=&#8221;1.6em&#8221; header_font=&#8221;||||||||&#8221; header_3_font=&#8221;|600|||||||&#8221; text_orientation=&#8221;center&#8221; background_layout=&#8221;dark&#8221; max_width=&#8221;700px&#8221; module_alignment=&#8221;center&#8221; global_colors_info=&#8221;{}&#8221;]<\/p>\n<h3 style=\"text-align: left;\">1. Personuppgiftsansvarig<\/h3>\n<p style=\"text-align: left;\">Scudo Solutions Oy (2450564-4)<br \/>Linnoitustie 4<br \/>02600 Esbo<\/p>\n<h3 style=\"text-align: left;\">2. Ansvarig f\u00f6r kund- och marknadsf\u00f6ringsregister\u00e4renden<\/h3>\n<p style=\"text-align: left;\">Antti Tavaila (antti.tavaila@scudo.fi)<\/p>\n<h3 style=\"text-align: left;\">3. Registrets namn<\/h3>\n<p style=\"text-align: left;\">Scudo Solutions Oy \u2013 kund- och marknadsf\u00f6ringsregister<\/p>\n<h3 style=\"text-align: left;\">4. Syftet med att hantera personuppgifter<\/h3>\n<p style=\"text-align: left;\">Personuppgifter som samlats i registret anv\u00e4nds f\u00f6r:<\/p>\n<ul style=\"text-align: left;\">\n<li>Uppr\u00e4tth\u00e5llande och underh\u00e5ll av kundrelationer<\/li>\n<li>Marknadsf\u00f6ring<\/li>\n<\/ul>\n<h3 style=\"text-align: left;\">5. Registrets datainneh\u00e5ll<\/h3>\n<p style=\"text-align: left;\">Registrets datainneh\u00e5ll kan inneh\u00e5lla f\u00f6ljande personuppgifter:<\/p>\n<ul style=\"text-align: left;\">\n<li>F\u00f6rnamn, efternamn<\/li>\n<li>E-postadress<\/li>\n<li>Telefonnummer<\/li>\n<li>F\u00f6retag<\/li>\n<li>F\u00f6retagets adress<\/li>\n<\/ul>\n<h3 style=\"text-align: left;\">6. Regelm\u00e4ssiga informationsk\u00e4llor<\/h3>\n<p style=\"text-align: left;\">Informationsk\u00e4llor f\u00f6r uppgifterna i registret \u00e4r:<\/p>\n<ul style=\"text-align: left;\">\n<li>Kundm\u00f6ten<\/li>\n<li>Iakttagelser fr\u00e5n den offentliga nyhetsstr\u00f6mmen<\/li>\n<li>Marknadsf\u00f6ringsregister som k\u00f6pts in fr\u00e5n externa tj\u00e4nsteproducenter<\/li>\n<li>Genom s\u00f6kning i allm\u00e4nna f\u00f6retagsdatasystem s\u00e5som www.ytj.fi eller www.finder.fi<\/li>\n<li>Marknadsf\u00f6ringsbrev<\/li>\n<li>Fr\u00e5geformul\u00e4r<\/li>\n<\/ul>\n<ol style=\"text-align: left;\"><\/ol>\n<h3 style=\"text-align: left;\">7. Cookies och lagring av webbl\u00e4sarminne<\/h3>\n<p style=\"text-align: left;\">Vi anv\u00e4nder kakor och annan motsvarande teknologi f\u00f6r att analysera vilken IP-adress som anv\u00e4nds vid bes\u00f6k p\u00e5 Scudo Solutions Oy:s webbplats.<\/p>\n<h3 style=\"text-align: left;\">8. Regelm\u00e4ssigt informationsutbyte och informations\u00f6verf\u00f6ring till l\u00e4nder utanf\u00f6r EU eller Europeiska ekonomiska samarbetsomr\u00e5det<\/h3>\n<p style=\"text-align: left;\">Scudo Solutions Oy \u00f6verl\u00e5ter inte registrets information till tredje parter eller anv\u00e4nder personuppgifter till annat \u00e4ndam\u00e5l \u00e4n att uppfylla kundens leveransavtal. Leverant\u00f6ren \u00f6verl\u00e5ter inte uppgifter utanf\u00f6r EU eller Europeiska ekonomiska samarbetsomr\u00e5det.<\/p>\n<h3 style=\"text-align: left;\">9. Den registrerades r\u00e4ttigheter<\/h3>\n<p style=\"text-align: left;\">R\u00e4tt till besiktning och r\u00e4ttelse:<\/p>\n<ul style=\"text-align: left;\">\n<li>Den registrerade har r\u00e4tt att kontrollera de uppgifter om honom\/henne som finns lagrade i registret. Kontakt ang\u00e5ende besiktningsr\u00e4tten ska ske skriftligen och till den person som ansvarar f\u00f6r register\u00e4renden.<\/li>\n<li>Om det finns fel i de registrerade uppgifterna f\u00e5r den registrerade g\u00f6ra en beg\u00e4ran till den registeransvarige om att r\u00e4tta till felet.<\/li>\n<\/ul>\n<p style=\"text-align: left;\">R\u00e4tten att bli bortgl\u00f6md:<\/p>\n<ul style=\"text-align: left;\">\n<li>Den registrerade har r\u00e4tt att bli bortgl\u00f6md. D\u00e5 raderas de uppgifter som g\u00e4ller vederb\u00f6rande fr\u00e5n registret.<\/li>\n<\/ul>\n<p style=\"text-align: left;\">R\u00e4tt att \u00f6verf\u00f6ra uppgifter fr\u00e5n ett system till ett annat:<\/p>\n<ul style=\"text-align: left;\">\n<li>Den registrerade har r\u00e4tt att \u00f6verf\u00f6ra uppgifter om sig sj\u00e4lv i maskinl\u00e4sbart format till ett annat system.<\/li>\n<\/ul>\n<h3 style=\"text-align: left;\">10. Principer f\u00f6r skydd av registret<\/h3>\n<p style=\"text-align: left;\">V\u00e5rt register har lagrats i elektroniskt format.<br \/>Endast de medarbetare som p\u00e5 tj\u00e4nstens v\u00e4gnar har beh\u00f6righet att behandla registeruppgifter har r\u00e4tt att anv\u00e4nda ett system som inneh\u00e5ller personuppgifter. Uppgifterna samlas i databaser som \u00e4r skyddade med tekniska medel.<\/p>\n<h3 style=\"text-align: left;\">11. Uppdatering av dataskyddsbeskrivningen<\/h3>\n<p style=\"text-align: left;\">Scudo Solutions Oy uppdaterar den h\u00e4r dataskyddsbeskrivningen med nya versioner vid behov. Den senaste versionen har publicerats p\u00e5 Scudo Solutions Oy:s webbplats p\u00e5 adressen: www.scudo.fi<\/p>\n<p>[\/et_pb_text][\/et_pb_column][\/et_pb_row][\/et_pb_section]<\/p>\n","protected":false},"excerpt":{"rendered":"<p>Dataskydds\u00adbeskrivning Scudo Solutions Oy:s kund- och marknadsf\u00f6rings\u00adregister1. Personuppgiftsansvarig Scudo Solutions Oy (2450564-4)Linnoitustie 402600 Esbo 2. Ansvarig f\u00f6r kund- och marknadsf\u00f6ringsregister\u00e4renden Antti Tavaila (antti.tavaila@scudo.fi) 3. Registrets namn Scudo Solutions Oy \u2013 kund- och marknadsf\u00f6ringsregister 4. Syftet med att hantera personuppgifter Personuppgifter som samlats i registret anv\u00e4nds f\u00f6r: Uppr\u00e4tth\u00e5llande och underh\u00e5ll av kundrelationer Marknadsf\u00f6ring 5. Registrets datainneh\u00e5ll [&hellip;]<\/p>\n","protected":false},"author":1,"featured_media":0,"parent":0,"menu_order":0,"comment_status":"closed","ping_status":"closed","template":"","meta":{"_et_pb_use_builder":"on","_et_pb_old_content":"[et_pb_section fb_built=\"1\" custom_padding_last_edited=\"on|phone\" admin_label=\"Contact\" _builder_version=\"4.21.0\" use_background_color_gradient=\"on\" background_color_gradient_stops=\"#062610 0%|#167b2f 100%\" background_color_gradient_start=\"#12163D\" background_color_gradient_end=\"#2b2996\" background_enable_image=\"off\" parallax=\"on\" custom_margin=\"||||false|false\" custom_padding=\"200px|0|120px||false|false\" custom_padding_tablet=\"200px|||\" custom_padding_phone=\"150px||100px|\" top_divider_height=\"350px\" top_divider_height_tablet=\"200px\" top_divider_height_phone=\"150px\" top_divider_height_last_edited=\"on|phone\" saved_tabs=\"all\" global_colors_info=\"{}\"][et_pb_row _builder_version=\"4.16\" global_colors_info=\"{}\"][et_pb_column type=\"4_4\" _builder_version=\"4.16\" custom_padding=\"|||\" global_colors_info=\"{}\" custom_padding__hover=\"|||\"][et_pb_text _builder_version=\"4.21.0\" text_font=\"||||||||\" header_font=\"||||||||\" header_font_size=\"60px\" header_2_font=\"|600|||||||\" header_2_font_size=\"36px\" header_2_letter_spacing=\"2px\" header_2_line_height=\"1.3em\" text_orientation=\"center\" background_layout=\"dark\" header_2_font_size_tablet=\"\" header_2_font_size_phone=\"28px\" header_2_font_size_last_edited=\"on|phone\" global_colors_info=\"{}\"]\n<h1>Ota yhteytt\u00e4<\/h1>\n[\/et_pb_text][et_pb_divider color=\"#EECF32\" divider_weight=\"4px\" _builder_version=\"4.21.0\" max_width=\"80px\" module_alignment=\"center\" height=\"4px\" global_colors_info=\"{}\"][\/et_pb_divider][et_pb_text _builder_version=\"4.21.0\" text_font=\"||||||||\" text_font_size=\"18px\" text_line_height=\"1.6em\" header_font=\"||||||||\" text_orientation=\"center\" background_layout=\"dark\" max_width=\"700px\" module_alignment=\"center\" hover_enabled=\"0\" global_colors_info=\"{}\" sticky_enabled=\"0\"]\n<p style=\"text-align: center;\">J\u00e4tetty\u00e4si yhteydenottopyynn\u00f6n myyntimme on pian yhteydess\u00e4 koskien haluamiasi ratkaisuja tai palveluita.<\/p>\n[\/et_pb_text][\/et_pb_column][\/et_pb_row][et_pb_row _builder_version=\"4.21.0\" custom_margin=\"40px|||\" custom_padding=\"0||0||false|false\" animation_style=\"fade\" animation_direction=\"top\" box_shadow_style=\"preset1\" box_shadow_blur=\"60px\" box_shadow_color=\"RGBA(22,123,47,0.4)\" global_colors_info=\"{}\"][et_pb_column type=\"4_4\" _builder_version=\"4.16\" custom_padding=\"|||\" global_colors_info=\"{}\" custom_padding__hover=\"|||\"][et_pb_code _builder_version=\"4.21.0\" _module_preset=\"default\" global_colors_info=\"{}\"][forminator_form id=\"1053\"][\/et_pb_code][\/et_pb_column][\/et_pb_row][\/et_pb_section]","_et_gb_content_width":"","footnotes":""},"class_list":["post-1374","page","type-page","status-publish","hentry"],"_links":{"self":[{"href":"https:\/\/www.scudo.fi\/sv\/wp-json\/wp\/v2\/pages\/1374","targetHints":{"allow":["GET"]}}],"collection":[{"href":"https:\/\/www.scudo.fi\/sv\/wp-json\/wp\/v2\/pages"}],"about":[{"href":"https:\/\/www.scudo.fi\/sv\/wp-json\/wp\/v2\/types\/page"}],"author":[{"embeddable":true,"href":"https:\/\/www.scudo.fi\/sv\/wp-json\/wp\/v2\/users\/1"}],"replies":[{"embeddable":true,"href":"https:\/\/www.scudo.fi\/sv\/wp-json\/wp\/v2\/comments?post=1374"}],"version-history":[{"count":6,"href":"https:\/\/www.scudo.fi\/sv\/wp-json\/wp\/v2\/pages\/1374\/revisions"}],"predecessor-version":[{"id":312455,"href":"https:\/\/www.scudo.fi\/sv\/wp-json\/wp\/v2\/pages\/1374\/revisions\/312455"}],"wp:attachment":[{"href":"https:\/\/www.scudo.fi\/sv\/wp-json\/wp\/v2\/media?parent=1374"}],"curies":[{"name":"wp","href":"https:\/\/api.w.org\/{rel}","templated":true}]}}