{"id":1189,"date":"2023-05-24T14:55:07","date_gmt":"2023-05-24T11:55:07","guid":{"rendered":"https:\/\/scudo.local\/training-form\/"},"modified":"2023-08-31T22:36:30","modified_gmt":"2023-08-31T19:36:30","slug":"utbildningar","status":"publish","type":"page","link":"https:\/\/www.scudo.fi\/sv\/utbildningar\/","title":{"rendered":"Utbildningar"},"content":{"rendered":"<p>[et_pb_section fb_built=&#8221;1&#8243; custom_padding_last_edited=&#8221;on|phone&#8221; admin_label=&#8221;Contact&#8221; _builder_version=&#8221;4.21.0&#8243; use_background_color_gradient=&#8221;on&#8221; background_color_gradient_stops=&#8221;#062610 0%|#167b2f 100%&#8221; background_color_gradient_start=&#8221;#12163D&#8221; background_color_gradient_end=&#8221;#2b2996&#8243; background_enable_image=&#8221;off&#8221; parallax=&#8221;on&#8221; custom_margin=&#8221;||||false|false&#8221; custom_padding=&#8221;200px|0|120px||false|false&#8221; custom_padding_tablet=&#8221;200px|||&#8221; custom_padding_phone=&#8221;150px||100px|&#8221; top_divider_height=&#8221;350px&#8221; top_divider_height_tablet=&#8221;200px&#8221; top_divider_height_phone=&#8221;150px&#8221; top_divider_height_last_edited=&#8221;on|phone&#8221; saved_tabs=&#8221;all&#8221; global_colors_info=&#8221;{}&#8221;][et_pb_row _builder_version=&#8221;4.16&#8243; global_colors_info=&#8221;{}&#8221;][et_pb_column type=&#8221;4_4&#8243; _builder_version=&#8221;4.16&#8243; custom_padding=&#8221;|||&#8221; global_colors_info=&#8221;{}&#8221; custom_padding__hover=&#8221;|||&#8221;][et_pb_text _builder_version=&#8221;4.21.0&#8243; text_font=&#8221;||||||||&#8221; header_font=&#8221;||||||||&#8221; header_font_size=&#8221;60px&#8221; header_2_font=&#8221;|600|||||||&#8221; header_2_font_size=&#8221;36px&#8221; header_2_letter_spacing=&#8221;2px&#8221; header_2_line_height=&#8221;1.3em&#8221; text_orientation=&#8221;center&#8221; background_layout=&#8221;dark&#8221; header_2_font_size_tablet=&#8221;&#8221; header_2_font_size_phone=&#8221;28px&#8221; header_2_font_size_last_edited=&#8221;on|phone&#8221; global_colors_info=&#8221;{}&#8221;]<\/p>\n<h1>Beg\u00e4r offert f\u00f6r utbildningar<\/h1>\n<p>[\/et_pb_text][et_pb_divider color=&#8221;#EECF32&#8243; divider_weight=&#8221;4px&#8221; _builder_version=&#8221;4.21.0&#8243; max_width=&#8221;80px&#8221; module_alignment=&#8221;center&#8221; height=&#8221;4px&#8221; global_colors_info=&#8221;{}&#8221;][\/et_pb_divider][et_pb_text _builder_version=&#8221;4.21.0&#8243; text_font=&#8221;||||||||&#8221; text_font_size=&#8221;18px&#8221; text_line_height=&#8221;1.6em&#8221; header_font=&#8221;||||||||&#8221; text_orientation=&#8221;center&#8221; background_layout=&#8221;dark&#8221; max_width=&#8221;700px&#8221; module_alignment=&#8221;center&#8221; global_colors_info=&#8221;{}&#8221;]<\/p>\n<p style=\"text-align: center;\">Efter att ha l\u00e4mnat information kommer v\u00e5r f\u00f6rs\u00e4ljning att ta kontakt inom kort ang\u00e5ende dina f\u00f6redragna l\u00f6sningar eller tj\u00e4nster.<\/p>\n<p>[\/et_pb_text][\/et_pb_column][\/et_pb_row][et_pb_row _builder_version=&#8221;4.21.0&#8243; custom_margin=&#8221;40px|||&#8221; custom_padding=&#8221;0||0||false|false&#8221; animation_style=&#8221;fade&#8221; animation_direction=&#8221;top&#8221; box_shadow_style=&#8221;preset1&#8243; box_shadow_blur=&#8221;60px&#8221; box_shadow_color=&#8221;RGBA(22,123,47,0.4)&#8221; global_colors_info=&#8221;{}&#8221;][et_pb_column type=&#8221;4_4&#8243; _builder_version=&#8221;4.16&#8243; custom_padding=&#8221;|||&#8221; global_colors_info=&#8221;{}&#8221; custom_padding__hover=&#8221;|||&#8221;][et_pb_code _builder_version=&#8221;4.21.0&#8243; _module_preset=&#8221;default&#8221; global_colors_info=&#8221;{}&#8221;]<div class=\"forminator-ui forminator-custom-form forminator-custom-form-1201 forminator-design--flat  forminator_ajax\" data-forminator-render=\"0\" data-form=\"forminator-module-1201\" data-uid=\"69f3bc0c0d1cb\"><br\/><\/div><form\r\n\t\t\t\tid=\"forminator-module-1201\"\r\n\t\t\t\tclass=\"forminator-ui forminator-custom-form forminator-custom-form-1201 forminator-design--flat  forminator_ajax\"\r\n\t\t\t\tmethod=\"post\"\r\n\t\t\t\tdata-forminator-render=\"0\"\r\n\t\t\t\tdata-form-id=\"1201\"\r\n\t\t\t\t\r\n\t\t\t\tdata-design=\"flat\"\r\n\t\t\t\t\r\n\t\t\t\t\r\n\t\t\t\t\r\n\t\t\t\tdata-grid=\"open\"\r\n\t\t\t\t\r\n\t\t\t\t\r\n\t\t\t\tstyle=\"display: none;\"\r\n\t\t\t\t\r\n\t\t\t\tdata-uid=\"69f3bc0c0d1cb\"\r\n\t\t\t><div role=\"alert\" aria-live=\"polite\" class=\"forminator-response-message forminator-error\" aria-hidden=\"true\"><\/div><div class=\"forminator-row\"><div id=\"radio-1\" class=\"forminator-field-radio forminator-col forminator-col-12 \"><div role=\"radiogroup\" class=\"forminator-field\" aria-labelledby=\"forminator-radiogroup-69f3bc0c0d1cb-label\"><span id=\"forminator-radiogroup-69f3bc0c0d1cb-label\" class=\"forminator-label\">V\u00e4lj typ av tr\u00e4ning<\/span><label id=\"forminator-field-radio-1-label-1\" for=\"forminator-field-radio-1-1-69f3bc0c0d1cb\" class=\"forminator-radio forminator-radio-inline\" title=\"Grundkurs\"><input type=\"radio\" name=\"radio-1\" value=\"grundkurs\" id=\"forminator-field-radio-1-1-69f3bc0c0d1cb\" aria-labelledby=\"forminator-field-radio-1-label-1\" data-calculation=\"0\"   data-hidden-behavior=\"zero\"\/><span class=\"forminator-radio-bullet\" aria-hidden=\"true\"><\/span><span class=\"forminator-radio-label\">Grundkurs<\/span><\/label><label id=\"forminator-field-radio-1-label-2\" for=\"forminator-field-radio-1-2-69f3bc0c0d1cb\" class=\"forminator-radio forminator-radio-inline\" title=\"Anpassad utbildning\"><input type=\"radio\" name=\"radio-1\" value=\"anpassad\" id=\"forminator-field-radio-1-2-69f3bc0c0d1cb\" aria-labelledby=\"forminator-field-radio-1-label-2\" data-calculation=\"0\"   data-hidden-behavior=\"zero\"\/><span class=\"forminator-radio-bullet\" aria-hidden=\"true\"><\/span><span class=\"forminator-radio-label\">Anpassad utbildning<\/span><\/label><\/div><\/div><\/div><div class=\"forminator-row\"><div id=\"name-1\" class=\"forminator-field-name forminator-col forminator-col-6  hide-label\"><div class=\"forminator-field\"><label for=\"forminator-field-name-1_69f3bc0c0d1cb\" id=\"forminator-field-name-1_69f3bc0c0d1cb-label\" class=\"forminator-label\">Namn<\/label><input type=\"text\" name=\"name-1\" value=\"\" placeholder=\"Namn\" id=\"forminator-field-name-1_69f3bc0c0d1cb\" class=\"forminator-input forminator-name--field\" aria-required=\"false\" \/><\/div><\/div><div id=\"email-1\" class=\"forminator-field-email forminator-col forminator-col-6  hide-label\"><div class=\"forminator-field\"><label for=\"forminator-field-email-1_69f3bc0c0d1cb\" id=\"forminator-field-email-1_69f3bc0c0d1cb-label\" class=\"forminator-label\">E-postadress<\/label><input type=\"email\" name=\"email-1\" value=\"\" placeholder=\"E-postadress\" id=\"forminator-field-email-1_69f3bc0c0d1cb\" class=\"forminator-input forminator-email--field\" data-required=\"\" aria-required=\"false\" \/><\/div><\/div><\/div><div class=\"forminator-row\"><div id=\"text-1\" class=\"forminator-field-text forminator-col forminator-col-6  hide-label\"><div class=\"forminator-field\"><label for=\"forminator-field-text-1_69f3bc0c0d1cb\" id=\"forminator-field-text-1_69f3bc0c0d1cb-label\" class=\"forminator-label\">Organisation<\/label><input type=\"text\" name=\"text-1\" value=\"\" placeholder=\"Organisation\" id=\"forminator-field-text-1_69f3bc0c0d1cb\" class=\"forminator-input forminator-name--field\" data-required=\"\" \/><\/div><\/div><div id=\"phone-1\" class=\"forminator-field-phone forminator-col forminator-col-6  hide-label\"><div class=\"forminator-field\"><label for=\"forminator-field-phone-1_69f3bc0c0d1cb\" id=\"forminator-field-phone-1_69f3bc0c0d1cb-label\" class=\"forminator-label\">Telefonnummer<\/label><input type=\"text\" name=\"phone-1\" value=\"\" placeholder=\"Telefonnummer\" id=\"forminator-field-phone-1_69f3bc0c0d1cb\" class=\"forminator-input forminator-field--phone\" data-required=\"\" aria-required=\"false\" autocomplete=\"off\" \/><\/div><\/div><\/div><div class=\"forminator-row\"><div id=\"textarea-1\" class=\"forminator-field-textarea forminator-col forminator-col-12  hide-label\"><div class=\"forminator-field\"><label for=\"forminator-field-textarea-1_69f3bc0c0d1cb\" id=\"forminator-field-textarea-1_69f3bc0c0d1cb-label\" class=\"forminator-label\">Meddelande<\/label><textarea name=\"textarea-1\" placeholder=\"Meddelande\" id=\"forminator-field-textarea-1_69f3bc0c0d1cb\" class=\"forminator-textarea\" rows=\"6\" style=\"min-height:140px;\" ><\/textarea><\/div><\/div><\/div><div class=\"forminator-row\"><div id=\"captcha-1\" class=\"forminator-field-captcha forminator-col forminator-col-12 \"><div class=\"forminator-captcha-left forminator-g-recaptcha recaptcha-invisible\" data-theme=\"light\" data-badge=\"bottomright\" data-sitekey=\"6Lc510smAAAAAAtr4ifvwS9JyXsrPr1Nf1midvyj\" data-size=\"invisible\"><\/div> <\/div><\/div><input type=\"hidden\" name=\"referer_url\" value=\"\" \/><div class=\"forminator-row forminator-row-last\"><div class=\"forminator-col\"><div class=\"forminator-field\"><button class=\"forminator-button forminator-button-submit align-right\">S&auml;nd<\/button><\/div><\/div><\/div><input type=\"hidden\" id=\"forminator_nonce\" name=\"forminator_nonce\" value=\"872b2adefe\" \/><input type=\"hidden\" name=\"_wp_http_referer\" value=\"\/sv\/wp-json\/wp\/v2\/pages\/1189\" \/><input type=\"hidden\" name=\"form_id\" value=\"1201\"><input type=\"hidden\" name=\"page_id\" value=\"1189\"><input type=\"hidden\" name=\"form_type\" value=\"default\"><input type=\"hidden\" name=\"current_url\" value=\"https:\/\/www.scudo.fi\/sv\/utbildningar\/\"><input type=\"hidden\" name=\"render_id\" value=\"0\"><input type=\"hidden\" name=\"action\" value=\"forminator_submit_form_custom-forms\"><label for=\"input_7\" class=\"forminator-hidden\" aria-hidden=\"true\">Please do not fill in this field. <input id=\"input_7\" type=\"text\" name=\"input_7\" value=\"\" autocomplete=\"off\"><\/label><\/form>[\/et_pb_code][\/et_pb_column][\/et_pb_row][\/et_pb_section]<\/p>\n","protected":false},"excerpt":{"rendered":"<p>Beg\u00e4r offert f\u00f6r utbildningarEfter att ha l\u00e4mnat information kommer v\u00e5r f\u00f6rs\u00e4ljning att ta kontakt inom kort ang\u00e5ende dina f\u00f6redragna l\u00f6sningar eller tj\u00e4nster.<div class=\"forminator-ui forminator-custom-form forminator-custom-form-1201 forminator-design--flat  forminator_ajax\" data-forminator-render=\"1\" data-form=\"forminator-module-1201\" data-uid=\"69f3bc0c14a69\"><br\/><\/div><form\r\n\t\t\t\tid=\"forminator-module-1201\"\r\n\t\t\t\tclass=\"forminator-ui forminator-custom-form forminator-custom-form-1201 forminator-design--flat  forminator_ajax\"\r\n\t\t\t\tmethod=\"post\"\r\n\t\t\t\tdata-forminator-render=\"1\"\r\n\t\t\t\tdata-form-id=\"1201\"\r\n\t\t\t\t\r\n\t\t\t\tdata-design=\"flat\"\r\n\t\t\t\t\r\n\t\t\t\t\r\n\t\t\t\t\r\n\t\t\t\tdata-grid=\"open\"\r\n\t\t\t\t\r\n\t\t\t\t\r\n\t\t\t\tstyle=\"display: none;\"\r\n\t\t\t\t\r\n\t\t\t\tdata-uid=\"69f3bc0c14a69\"\r\n\t\t\t><div role=\"alert\" aria-live=\"polite\" class=\"forminator-response-message forminator-error\" aria-hidden=\"true\"><\/div><div class=\"forminator-row\"><div id=\"radio-1\" class=\"forminator-field-radio forminator-col forminator-col-12 \"><div role=\"radiogroup\" class=\"forminator-field\" aria-labelledby=\"forminator-radiogroup-69f3bc0c14a69-label\"><span id=\"forminator-radiogroup-69f3bc0c14a69-label\" class=\"forminator-label\">V\u00e4lj typ av tr\u00e4ning<\/span><label id=\"forminator-field-radio-1-label-1\" for=\"forminator-field-radio-1-1-69f3bc0c14a69\" class=\"forminator-radio forminator-radio-inline\" title=\"Grundkurs\"><input type=\"radio\" name=\"radio-1\" value=\"grundkurs\" id=\"forminator-field-radio-1-1-69f3bc0c14a69\" aria-labelledby=\"forminator-field-radio-1-label-1\" data-calculation=\"0\"   data-hidden-behavior=\"zero\"\/><span class=\"forminator-radio-bullet\" aria-hidden=\"true\"><\/span><span class=\"forminator-radio-label\">Grundkurs<\/span><\/label><label id=\"forminator-field-radio-1-label-2\" for=\"forminator-field-radio-1-2-69f3bc0c14a69\" class=\"forminator-radio forminator-radio-inline\" title=\"Anpassad utbildning\"><input type=\"radio\" name=\"radio-1\" value=\"anpassad\" id=\"forminator-field-radio-1-2-69f3bc0c14a69\" aria-labelledby=\"forminator-field-radio-1-label-2\" data-calculation=\"0\"   data-hidden-behavior=\"zero\"\/><span class=\"forminator-radio-bullet\" aria-hidden=\"true\"><\/span><span class=\"forminator-radio-label\">Anpassad utbildning<\/span><\/label><\/div><\/div><\/div><div class=\"forminator-row\"><div id=\"name-1\" class=\"forminator-field-name forminator-col forminator-col-6  hide-label\"><div class=\"forminator-field\"><label for=\"forminator-field-name-1_69f3bc0c14a69\" id=\"forminator-field-name-1_69f3bc0c14a69-label\" class=\"forminator-label\">Namn<\/label><input type=\"text\" name=\"name-1\" value=\"\" placeholder=\"Namn\" id=\"forminator-field-name-1_69f3bc0c14a69\" class=\"forminator-input forminator-name--field\" aria-required=\"false\" \/><\/div><\/div><div id=\"email-1\" class=\"forminator-field-email forminator-col forminator-col-6  hide-label\"><div class=\"forminator-field\"><label for=\"forminator-field-email-1_69f3bc0c14a69\" id=\"forminator-field-email-1_69f3bc0c14a69-label\" class=\"forminator-label\">E-postadress<\/label><input type=\"email\" name=\"email-1\" value=\"\" placeholder=\"E-postadress\" id=\"forminator-field-email-1_69f3bc0c14a69\" class=\"forminator-input forminator-email--field\" data-required=\"\" aria-required=\"false\" \/><\/div><\/div><\/div><div class=\"forminator-row\"><div id=\"text-1\" class=\"forminator-field-text forminator-col forminator-col-6  hide-label\"><div class=\"forminator-field\"><label for=\"forminator-field-text-1_69f3bc0c14a69\" id=\"forminator-field-text-1_69f3bc0c14a69-label\" class=\"forminator-label\">Organisation<\/label><input type=\"text\" name=\"text-1\" value=\"\" placeholder=\"Organisation\" id=\"forminator-field-text-1_69f3bc0c14a69\" class=\"forminator-input forminator-name--field\" data-required=\"\" \/><\/div><\/div><div id=\"phone-1\" class=\"forminator-field-phone forminator-col forminator-col-6  hide-label\"><div class=\"forminator-field\"><label for=\"forminator-field-phone-1_69f3bc0c14a69\" id=\"forminator-field-phone-1_69f3bc0c14a69-label\" class=\"forminator-label\">Telefonnummer<\/label><input type=\"text\" name=\"phone-1\" value=\"\" placeholder=\"Telefonnummer\" id=\"forminator-field-phone-1_69f3bc0c14a69\" class=\"forminator-input forminator-field--phone\" data-required=\"\" aria-required=\"false\" autocomplete=\"off\" \/><\/div><\/div><\/div><div class=\"forminator-row\"><div id=\"textarea-1\" class=\"forminator-field-textarea forminator-col forminator-col-12  hide-label\"><div class=\"forminator-field\"><label for=\"forminator-field-textarea-1_69f3bc0c14a69\" id=\"forminator-field-textarea-1_69f3bc0c14a69-label\" class=\"forminator-label\">Meddelande<\/label><textarea name=\"textarea-1\" placeholder=\"Meddelande\" id=\"forminator-field-textarea-1_69f3bc0c14a69\" class=\"forminator-textarea\" rows=\"6\" style=\"min-height:140px;\" ><\/textarea><\/div><\/div><\/div><div class=\"forminator-row\"><div id=\"captcha-1\" class=\"forminator-field-captcha forminator-col forminator-col-12 \"><div class=\"forminator-captcha-left forminator-g-recaptcha recaptcha-invisible\" data-theme=\"light\" data-badge=\"bottomright\" data-sitekey=\"6Lc510smAAAAAAtr4ifvwS9JyXsrPr1Nf1midvyj\" data-size=\"invisible\"><\/div> <\/div><\/div><input type=\"hidden\" name=\"referer_url\" value=\"\" \/><div class=\"forminator-row forminator-row-last\"><div class=\"forminator-col\"><div class=\"forminator-field\"><button class=\"forminator-button forminator-button-submit align-right\">S&auml;nd<\/button><\/div><\/div><\/div><input type=\"hidden\" id=\"forminator_nonce\" name=\"forminator_nonce\" value=\"872b2adefe\" \/><input type=\"hidden\" name=\"_wp_http_referer\" value=\"\/sv\/wp-json\/wp\/v2\/pages\/1189\" \/><input type=\"hidden\" name=\"form_id\" value=\"1201\"><input type=\"hidden\" name=\"page_id\" value=\"1189\"><input type=\"hidden\" name=\"form_type\" value=\"default\"><input type=\"hidden\" name=\"current_url\" value=\"https:\/\/www.scudo.fi\/sv\/utbildningar\/\"><input type=\"hidden\" name=\"render_id\" value=\"1\"><input type=\"hidden\" name=\"action\" value=\"forminator_submit_form_custom-forms\"><label for=\"input_7\" class=\"forminator-hidden\" aria-hidden=\"true\">Please do not fill in this field. <input id=\"input_7\" type=\"text\" name=\"input_7\" value=\"\" autocomplete=\"off\"><\/label><label for=\"input_7\" class=\"forminator-hidden\" aria-hidden=\"true\">Please do not fill in this field. <input id=\"input_7\" type=\"text\" name=\"input_7\" value=\"\" autocomplete=\"off\"><\/label><\/form><\/p>\n","protected":false},"author":1,"featured_media":0,"parent":0,"menu_order":0,"comment_status":"closed","ping_status":"closed","template":"","meta":{"_et_pb_use_builder":"on","_et_pb_old_content":"[et_pb_section fb_built=\"1\" custom_padding_last_edited=\"on|phone\" admin_label=\"Contact\" _builder_version=\"4.21.0\" use_background_color_gradient=\"on\" background_color_gradient_stops=\"#062610 0%|#167b2f 100%\" background_color_gradient_start=\"#12163D\" background_color_gradient_end=\"#2b2996\" background_enable_image=\"off\" parallax=\"on\" custom_margin=\"||||false|false\" custom_padding=\"200px|0|120px||false|false\" custom_padding_tablet=\"200px|||\" custom_padding_phone=\"150px||100px|\" top_divider_height=\"350px\" top_divider_height_tablet=\"200px\" top_divider_height_phone=\"150px\" top_divider_height_last_edited=\"on|phone\" saved_tabs=\"all\" global_colors_info=\"{}\"][et_pb_row _builder_version=\"4.16\" global_colors_info=\"{}\"][et_pb_column type=\"4_4\" _builder_version=\"4.16\" custom_padding=\"|||\" global_colors_info=\"{}\" custom_padding__hover=\"|||\"][et_pb_text _builder_version=\"4.21.0\" text_font=\"||||||||\" header_font=\"||||||||\" header_font_size=\"60px\" header_2_font=\"|600|||||||\" header_2_font_size=\"36px\" header_2_letter_spacing=\"2px\" header_2_line_height=\"1.3em\" text_orientation=\"center\" background_layout=\"dark\" header_2_font_size_tablet=\"\" header_2_font_size_phone=\"28px\" header_2_font_size_last_edited=\"on|phone\" global_colors_info=\"{}\"]\n<h1>Inquiry<\/h1>\n[\/et_pb_text][et_pb_divider color=\"#EECF32\" divider_weight=\"4px\" _builder_version=\"4.21.0\" max_width=\"80px\" module_alignment=\"center\" height=\"4px\" global_colors_info=\"{}\"][\/et_pb_divider][et_pb_text _builder_version=\"4.21.0\" text_font=\"||||||||\" text_font_size=\"18px\" text_line_height=\"1.6em\" header_font=\"||||||||\" text_orientation=\"center\" background_layout=\"dark\" max_width=\"700px\" module_alignment=\"center\" hover_enabled=\"0\" global_colors_info=\"{}\" sticky_enabled=\"0\"]\n<p style=\"text-align: center;\">After providing information, our sales will be in contact shortly regarding your preferred solutions or services.<\/p>\n[\/et_pb_text][\/et_pb_column][\/et_pb_row][et_pb_row _builder_version=\"4.16\" custom_margin=\"40px|||\" custom_padding=\"0||0||false|false\" animation_style=\"fade\" animation_direction=\"top\" box_shadow_style=\"preset1\" box_shadow_blur=\"60px\" box_shadow_color=\"rgba(60,60,200,0.4)\" global_colors_info=\"{}\"][et_pb_column type=\"4_4\" _builder_version=\"4.16\" custom_padding=\"|||\" global_colors_info=\"{}\" custom_padding__hover=\"|||\"][et_pb_contact_form captcha=\"off\" module_id=\"et_pb_contact_form_0\" _builder_version=\"4.21.0\" form_field_background_color=\"rgba(67,40,183,0.08)\" form_field_text_color=\"#42526b\" title_font=\"||||||||\" form_field_font=\"|600||on|||||\" form_field_font_size=\"12px\" form_field_letter_spacing=\"1px\" background_color=\"#ffffff\" custom_button=\"on\" button_text_size=\"13px\" button_text_color=\"#FFFFFF\" button_bg_color=\"#167B2F\" button_border_width=\"10px\" button_border_color=\"#167B2F\" button_border_radius=\"0px\" button_letter_spacing=\"2px\" button_font=\"|700||on|||||\" custom_margin=\"|||\" custom_padding=\"50px|50px|50px|50px\" border_color_all=\"#666EE8\" box_shadow_style_button=\"preset3\" form_background_color=\"rgba(67,40,183,0.08)\" global_colors_info=\"{}\"][et_pb_contact_field field_id=\"Product\" field_title=\"Choose a Product\" field_type=\"select\" select_options=\"%91{%22value%22:%22Scudo Pro%22,%22checked%22:0,%22dragID%22:-1},{%22value%22:%22Bidcon%22,%22checked%22:0,%22dragID%22:0},{%22value%22:%22Powerproject%22,%22checked%22:0,%22dragID%22:1},{%22value%22:%22IWMS%22,%22checked%22:0,%22dragID%22:2},{%22value%22:%22Consulting%22,%22checked%22:0,%22dragID%22:3}%93\" fullwidth_field=\"on\" _builder_version=\"4.21.0\" _module_preset=\"default\" global_colors_info=\"{}\"][\/et_pb_contact_field][et_pb_contact_field field_id=\"Name\" field_title=\"Name\" _builder_version=\"4.16\" global_colors_info=\"{}\" button_text_size__hover_enabled=\"off\" button_one_text_size__hover_enabled=\"off\" button_two_text_size__hover_enabled=\"off\" button_text_color__hover_enabled=\"off\" button_one_text_color__hover_enabled=\"off\" button_two_text_color__hover_enabled=\"off\" button_border_width__hover_enabled=\"off\" button_one_border_width__hover_enabled=\"off\" button_two_border_width__hover_enabled=\"off\" button_border_color__hover_enabled=\"off\" button_one_border_color__hover_enabled=\"off\" button_two_border_color__hover_enabled=\"off\" button_border_radius__hover_enabled=\"off\" button_one_border_radius__hover_enabled=\"off\" button_two_border_radius__hover_enabled=\"off\" button_letter_spacing__hover_enabled=\"off\" button_one_letter_spacing__hover_enabled=\"off\" button_two_letter_spacing__hover_enabled=\"off\" button_bg_color__hover_enabled=\"off\" button_one_bg_color__hover_enabled=\"off\" button_two_bg_color__hover_enabled=\"off\"][\/et_pb_contact_field][et_pb_contact_field field_id=\"Email\" field_title=\"Email Address\" field_type=\"email\" _builder_version=\"4.16\" global_colors_info=\"{}\" button_text_size__hover_enabled=\"off\" button_one_text_size__hover_enabled=\"off\" button_two_text_size__hover_enabled=\"off\" button_text_color__hover_enabled=\"off\" button_one_text_color__hover_enabled=\"off\" button_two_text_color__hover_enabled=\"off\" button_border_width__hover_enabled=\"off\" button_one_border_width__hover_enabled=\"off\" button_two_border_width__hover_enabled=\"off\" button_border_color__hover_enabled=\"off\" button_one_border_color__hover_enabled=\"off\" button_two_border_color__hover_enabled=\"off\" button_border_radius__hover_enabled=\"off\" button_one_border_radius__hover_enabled=\"off\" button_two_border_radius__hover_enabled=\"off\" button_letter_spacing__hover_enabled=\"off\" button_one_letter_spacing__hover_enabled=\"off\" button_two_letter_spacing__hover_enabled=\"off\" button_bg_color__hover_enabled=\"off\" button_one_bg_color__hover_enabled=\"off\" button_two_bg_color__hover_enabled=\"off\"][\/et_pb_contact_field][et_pb_contact_field field_id=\"Organisation\" field_title=\"Organisation\" _builder_version=\"4.21.0\" global_colors_info=\"{}\" button_text_size__hover_enabled=\"off\" button_one_text_size__hover_enabled=\"off\" button_two_text_size__hover_enabled=\"off\" button_text_color__hover_enabled=\"off\" button_one_text_color__hover_enabled=\"off\" button_two_text_color__hover_enabled=\"off\" button_border_width__hover_enabled=\"off\" button_one_border_width__hover_enabled=\"off\" button_two_border_width__hover_enabled=\"off\" button_border_color__hover_enabled=\"off\" button_one_border_color__hover_enabled=\"off\" button_two_border_color__hover_enabled=\"off\" button_border_radius__hover_enabled=\"off\" button_one_border_radius__hover_enabled=\"off\" button_two_border_radius__hover_enabled=\"off\" button_letter_spacing__hover_enabled=\"off\" button_one_letter_spacing__hover_enabled=\"off\" button_two_letter_spacing__hover_enabled=\"off\" button_bg_color__hover_enabled=\"off\" button_one_bg_color__hover_enabled=\"off\" button_two_bg_color__hover_enabled=\"off\"][\/et_pb_contact_field][et_pb_contact_field field_id=\"Phone\" field_title=\"Phone Number\" allowed_symbols=\"alphanumeric\" _builder_version=\"4.21.0\" global_colors_info=\"{}\" button_text_size__hover_enabled=\"off\" button_one_text_size__hover_enabled=\"off\" button_two_text_size__hover_enabled=\"off\" button_text_color__hover_enabled=\"off\" button_one_text_color__hover_enabled=\"off\" button_two_text_color__hover_enabled=\"off\" button_border_width__hover_enabled=\"off\" button_one_border_width__hover_enabled=\"off\" button_two_border_width__hover_enabled=\"off\" button_border_color__hover_enabled=\"off\" button_one_border_color__hover_enabled=\"off\" button_two_border_color__hover_enabled=\"off\" button_border_radius__hover_enabled=\"off\" button_one_border_radius__hover_enabled=\"off\" button_two_border_radius__hover_enabled=\"off\" button_letter_spacing__hover_enabled=\"off\" button_one_letter_spacing__hover_enabled=\"off\" button_two_letter_spacing__hover_enabled=\"off\" button_bg_color__hover_enabled=\"off\" button_one_bg_color__hover_enabled=\"off\" button_two_bg_color__hover_enabled=\"off\"][\/et_pb_contact_field][et_pb_contact_field field_id=\"Message\" field_title=\"Message\" field_type=\"text\" fullwidth_field=\"on\" _builder_version=\"4.16\" global_colors_info=\"{}\" button_text_size__hover_enabled=\"off\" button_one_text_size__hover_enabled=\"off\" button_two_text_size__hover_enabled=\"off\" button_text_color__hover_enabled=\"off\" button_one_text_color__hover_enabled=\"off\" button_two_text_color__hover_enabled=\"off\" button_border_width__hover_enabled=\"off\" button_one_border_width__hover_enabled=\"off\" button_two_border_width__hover_enabled=\"off\" button_border_color__hover_enabled=\"off\" button_one_border_color__hover_enabled=\"off\" button_two_border_color__hover_enabled=\"off\" button_border_radius__hover_enabled=\"off\" button_one_border_radius__hover_enabled=\"off\" button_two_border_radius__hover_enabled=\"off\" button_letter_spacing__hover_enabled=\"off\" button_one_letter_spacing__hover_enabled=\"off\" button_two_letter_spacing__hover_enabled=\"off\" button_bg_color__hover_enabled=\"off\" button_one_bg_color__hover_enabled=\"off\" button_two_bg_color__hover_enabled=\"off\"][\/et_pb_contact_field][\/et_pb_contact_form][\/et_pb_column][\/et_pb_row][\/et_pb_section]","_et_gb_content_width":"","footnotes":""},"class_list":["post-1189","page","type-page","status-publish","hentry"],"_links":{"self":[{"href":"https:\/\/www.scudo.fi\/sv\/wp-json\/wp\/v2\/pages\/1189","targetHints":{"allow":["GET"]}}],"collection":[{"href":"https:\/\/www.scudo.fi\/sv\/wp-json\/wp\/v2\/pages"}],"about":[{"href":"https:\/\/www.scudo.fi\/sv\/wp-json\/wp\/v2\/types\/page"}],"author":[{"embeddable":true,"href":"https:\/\/www.scudo.fi\/sv\/wp-json\/wp\/v2\/users\/1"}],"replies":[{"embeddable":true,"href":"https:\/\/www.scudo.fi\/sv\/wp-json\/wp\/v2\/comments?post=1189"}],"version-history":[{"count":9,"href":"https:\/\/www.scudo.fi\/sv\/wp-json\/wp\/v2\/pages\/1189\/revisions"}],"predecessor-version":[{"id":312243,"href":"https:\/\/www.scudo.fi\/sv\/wp-json\/wp\/v2\/pages\/1189\/revisions\/312243"}],"wp:attachment":[{"href":"https:\/\/www.scudo.fi\/sv\/wp-json\/wp\/v2\/media?parent=1189"}],"curies":[{"name":"wp","href":"https:\/\/api.w.org\/{rel}","templated":true}]}}