{"id":1183,"date":"2023-05-24T14:32:07","date_gmt":"2023-05-24T11:32:07","guid":{"rendered":"https:\/\/scudo.local\/inquiry-form\/"},"modified":"2023-08-31T22:35:00","modified_gmt":"2023-08-31T19:35:00","slug":"forfragan","status":"publish","type":"page","link":"https:\/\/www.scudo.fi\/sv\/forfragan\/","title":{"rendered":"F\u00f6rfr\u00e5gan"},"content":{"rendered":"<p>[et_pb_section fb_built=&#8221;1&#8243; custom_padding_last_edited=&#8221;on|phone&#8221; admin_label=&#8221;Contact&#8221; _builder_version=&#8221;4.21.0&#8243; use_background_color_gradient=&#8221;on&#8221; background_color_gradient_stops=&#8221;#062610 0%|#167b2f 100%&#8221; background_color_gradient_start=&#8221;#12163D&#8221; background_color_gradient_end=&#8221;#2b2996&#8243; background_enable_image=&#8221;off&#8221; parallax=&#8221;on&#8221; custom_margin=&#8221;||||false|false&#8221; custom_padding=&#8221;200px|0|120px||false|false&#8221; custom_padding_tablet=&#8221;200px|||&#8221; custom_padding_phone=&#8221;150px||100px|&#8221; top_divider_height=&#8221;350px&#8221; top_divider_height_tablet=&#8221;200px&#8221; top_divider_height_phone=&#8221;150px&#8221; top_divider_height_last_edited=&#8221;on|phone&#8221; saved_tabs=&#8221;all&#8221; global_colors_info=&#8221;{}&#8221;][et_pb_row _builder_version=&#8221;4.16&#8243; global_colors_info=&#8221;{}&#8221;][et_pb_column type=&#8221;4_4&#8243; _builder_version=&#8221;4.16&#8243; custom_padding=&#8221;|||&#8221; global_colors_info=&#8221;{}&#8221; custom_padding__hover=&#8221;|||&#8221;][et_pb_text _builder_version=&#8221;4.21.0&#8243; text_font=&#8221;||||||||&#8221; header_font=&#8221;||||||||&#8221; header_font_size=&#8221;60px&#8221; header_2_font=&#8221;|600|||||||&#8221; header_2_font_size=&#8221;36px&#8221; header_2_letter_spacing=&#8221;2px&#8221; header_2_line_height=&#8221;1.3em&#8221; text_orientation=&#8221;center&#8221; background_layout=&#8221;dark&#8221; header_2_font_size_tablet=&#8221;&#8221; header_2_font_size_phone=&#8221;28px&#8221; header_2_font_size_last_edited=&#8221;on|phone&#8221; global_colors_info=&#8221;{}&#8221;]<\/p>\n<h1>F\u00f6rfr\u00e5gan<\/h1>\n<p>[\/et_pb_text][et_pb_divider color=&#8221;#EECF32&#8243; divider_weight=&#8221;4px&#8221; _builder_version=&#8221;4.21.0&#8243; max_width=&#8221;80px&#8221; module_alignment=&#8221;center&#8221; height=&#8221;4px&#8221; global_colors_info=&#8221;{}&#8221;][\/et_pb_divider][et_pb_text _builder_version=&#8221;4.21.0&#8243; text_font=&#8221;||||||||&#8221; text_font_size=&#8221;18px&#8221; text_line_height=&#8221;1.6em&#8221; header_font=&#8221;||||||||&#8221; text_orientation=&#8221;center&#8221; background_layout=&#8221;dark&#8221; max_width=&#8221;700px&#8221; module_alignment=&#8221;center&#8221; global_colors_info=&#8221;{}&#8221;]<\/p>\n<p style=\"text-align: center;\">Efter att ha l\u00e4mnat information kommer v\u00e5r f\u00f6rs\u00e4ljning att ta kontakt inom kort ang\u00e5ende dina f\u00f6redragna l\u00f6sningar eller tj\u00e4nster.<\/p>\n<p>[\/et_pb_text][\/et_pb_column][\/et_pb_row][et_pb_row _builder_version=&#8221;4.21.0&#8243; custom_margin=&#8221;40px|||&#8221; custom_padding=&#8221;0||0||false|false&#8221; animation_style=&#8221;fade&#8221; animation_direction=&#8221;top&#8221; box_shadow_style=&#8221;preset1&#8243; box_shadow_blur=&#8221;60px&#8221; box_shadow_color=&#8221;RGBA(22,123,47,0.4)&#8221; global_colors_info=&#8221;{}&#8221;][et_pb_column type=&#8221;4_4&#8243; _builder_version=&#8221;4.16&#8243; custom_padding=&#8221;|||&#8221; global_colors_info=&#8221;{}&#8221; custom_padding__hover=&#8221;|||&#8221;][et_pb_code _builder_version=&#8221;4.21.0&#8243; _module_preset=&#8221;default&#8221; global_colors_info=&#8221;{}&#8221;]<div class=\"forminator-ui forminator-custom-form forminator-custom-form-1200 forminator-design--flat  forminator_ajax\" data-forminator-render=\"0\" data-form=\"forminator-module-1200\" data-uid=\"69ddfef564a63\"><br\/><\/div><form\r\n\t\t\t\tid=\"forminator-module-1200\"\r\n\t\t\t\tclass=\"forminator-ui forminator-custom-form forminator-custom-form-1200 forminator-design--flat  forminator_ajax\"\r\n\t\t\t\tmethod=\"post\"\r\n\t\t\t\tdata-forminator-render=\"0\"\r\n\t\t\t\tdata-form-id=\"1200\"\r\n\t\t\t\t\r\n\t\t\t\tdata-design=\"flat\"\r\n\t\t\t\t\r\n\t\t\t\t\r\n\t\t\t\t\r\n\t\t\t\tdata-grid=\"open\"\r\n\t\t\t\t\r\n\t\t\t\t\r\n\t\t\t\tstyle=\"display: none;\"\r\n\t\t\t\t\r\n\t\t\t\tdata-uid=\"69ddfef564a63\"\r\n\t\t\t><div role=\"alert\" aria-live=\"polite\" class=\"forminator-response-message forminator-error\" aria-hidden=\"true\"><\/div><div class=\"forminator-row\"><div id=\"select-1\" class=\"forminator-field-select forminator-col forminator-col-12  hide-label\"><div class=\"forminator-field\"><label for=\"forminator-form-1200__field--select-1_69ddfef564a63\" id=\"forminator-form-1200__field--select-1_69ddfef564a63-label\" class=\"forminator-label\">V\u00e4lj produkt eller tj\u00e4nst<\/label><select  id=\"forminator-form-1200__field--select-1_69ddfef564a63\" class=\"forminator-select--field forminator-select2 forminator-select2-multiple\" data-required=\"\" name=\"select-1\" data-default-value=\"\" data-hidden-behavior=\"zero\" data-placeholder=\"V\u00e4lj produkt eller tj\u00e4nst\" data-search=\"false\" data-search-placeholder=\"V\u00e4lj produkt eller tj\u00e4nst\" data-checkbox=\"false\" data-allow-clear=\"false\" aria-labelledby=\"forminator-form-1200__field--select-1_69ddfef564a63-label\"><option value=\"\"  >V\u00e4lj produkt eller tj\u00e4nst<\/option><option value=\"scudopro\"  data-calculation=\"0\">Scudo Pro<\/option><option value=\"consulting\"  data-calculation=\"0\">Konsultverksamhet<\/option><option value=\"general\"  data-calculation=\"0\">Allm\u00e4n<\/option><\/select><\/div><\/div><\/div><div class=\"forminator-row\"><div id=\"name-1\" class=\"forminator-field-name forminator-col forminator-col-6  hide-label\"><div class=\"forminator-field\"><label for=\"forminator-field-name-1_69ddfef564a63\" id=\"forminator-field-name-1_69ddfef564a63-label\" class=\"forminator-label\">Namn <span class=\"forminator-required\">*<\/span><\/label><input type=\"text\" name=\"name-1\" value=\"\" placeholder=\"Namn\" id=\"forminator-field-name-1_69ddfef564a63\" class=\"forminator-input forminator-name--field\" aria-required=\"true\" \/><\/div><\/div><div id=\"email-1\" class=\"forminator-field-email forminator-col forminator-col-6  hide-label\"><div class=\"forminator-field\"><label for=\"forminator-field-email-1_69ddfef564a63\" id=\"forminator-field-email-1_69ddfef564a63-label\" class=\"forminator-label\">E-postadress <span class=\"forminator-required\">*<\/span><\/label><input type=\"email\" name=\"email-1\" value=\"\" placeholder=\"E-postadress\" id=\"forminator-field-email-1_69ddfef564a63\" class=\"forminator-input forminator-email--field\" data-required=\"1\" aria-required=\"true\" \/><\/div><\/div><\/div><div class=\"forminator-row\"><div id=\"text-1\" class=\"forminator-field-text forminator-col forminator-col-6  hide-label\"><div class=\"forminator-field\"><label for=\"forminator-field-text-1_69ddfef564a63\" id=\"forminator-field-text-1_69ddfef564a63-label\" class=\"forminator-label\">Organisation <span class=\"forminator-required\">*<\/span><\/label><input type=\"text\" name=\"text-1\" value=\"\" placeholder=\"Organisation\" id=\"forminator-field-text-1_69ddfef564a63\" class=\"forminator-input forminator-name--field\" data-required=\"1\" \/><\/div><\/div><div id=\"phone-1\" class=\"forminator-field-phone forminator-col forminator-col-6  hide-label\"><div class=\"forminator-field\"><label for=\"forminator-field-phone-1_69ddfef564a63\" id=\"forminator-field-phone-1_69ddfef564a63-label\" class=\"forminator-label\">Telefonnummer <span class=\"forminator-required\">*<\/span><\/label><input type=\"text\" name=\"phone-1\" value=\"\" placeholder=\"Telefonnummer\" id=\"forminator-field-phone-1_69ddfef564a63\" class=\"forminator-input forminator-field--phone\" data-required=\"1\" aria-required=\"true\" autocomplete=\"off\" \/><\/div><\/div><\/div><div class=\"forminator-row\"><div id=\"textarea-1\" class=\"forminator-field-textarea forminator-col forminator-col-12  hide-label\"><div class=\"forminator-field\"><label for=\"forminator-field-textarea-1_69ddfef564a63\" id=\"forminator-field-textarea-1_69ddfef564a63-label\" class=\"forminator-label\">Meddelande<\/label><textarea name=\"textarea-1\" placeholder=\"Meddelande\" id=\"forminator-field-textarea-1_69ddfef564a63\" class=\"forminator-textarea\" rows=\"6\" style=\"min-height:140px;\" ><\/textarea><\/div><\/div><\/div><div class=\"forminator-row\"><div id=\"captcha-1\" class=\"forminator-field-captcha forminator-col forminator-col-12 \"><div class=\"forminator-captcha-left forminator-g-recaptcha recaptcha-invisible\" data-theme=\"light\" data-badge=\"bottomright\" data-sitekey=\"6Lc510smAAAAAAtr4ifvwS9JyXsrPr1Nf1midvyj\" data-size=\"invisible\"><\/div> <\/div><\/div><input type=\"hidden\" name=\"referer_url\" value=\"\" \/><div class=\"forminator-row forminator-row-last\"><div class=\"forminator-col\"><div class=\"forminator-field\"><button class=\"forminator-button forminator-button-submit align-right\">S&auml;nd<\/button><\/div><\/div><\/div><input type=\"hidden\" id=\"forminator_nonce\" name=\"forminator_nonce\" value=\"57e55a8ed5\" \/><input type=\"hidden\" name=\"_wp_http_referer\" value=\"\/sv\/wp-json\/wp\/v2\/pages\/1183\" \/><input type=\"hidden\" name=\"form_id\" value=\"1200\"><input type=\"hidden\" name=\"page_id\" value=\"1183\"><input type=\"hidden\" name=\"form_type\" value=\"default\"><input type=\"hidden\" name=\"current_url\" value=\"https:\/\/www.scudo.fi\/sv\/forfragan\/\"><input type=\"hidden\" name=\"render_id\" value=\"0\"><input type=\"hidden\" name=\"action\" value=\"forminator_submit_form_custom-forms\"><\/form>[\/et_pb_code][\/et_pb_column][\/et_pb_row][\/et_pb_section]<\/p>\n","protected":false},"excerpt":{"rendered":"<p>F\u00f6rfr\u00e5ganEfter att ha l\u00e4mnat information kommer v\u00e5r f\u00f6rs\u00e4ljning att ta kontakt inom kort ang\u00e5ende dina f\u00f6redragna l\u00f6sningar eller tj\u00e4nster.<div class=\"forminator-ui forminator-custom-form forminator-custom-form-1200 forminator-design--flat  forminator_ajax\" data-forminator-render=\"1\" data-form=\"forminator-module-1200\" data-uid=\"69ddfef56be8c\"><br\/><\/div><form\r\n\t\t\t\tid=\"forminator-module-1200\"\r\n\t\t\t\tclass=\"forminator-ui forminator-custom-form forminator-custom-form-1200 forminator-design--flat  forminator_ajax\"\r\n\t\t\t\tmethod=\"post\"\r\n\t\t\t\tdata-forminator-render=\"1\"\r\n\t\t\t\tdata-form-id=\"1200\"\r\n\t\t\t\t\r\n\t\t\t\tdata-design=\"flat\"\r\n\t\t\t\t\r\n\t\t\t\t\r\n\t\t\t\t\r\n\t\t\t\tdata-grid=\"open\"\r\n\t\t\t\t\r\n\t\t\t\t\r\n\t\t\t\tstyle=\"display: none;\"\r\n\t\t\t\t\r\n\t\t\t\tdata-uid=\"69ddfef56be8c\"\r\n\t\t\t><div role=\"alert\" aria-live=\"polite\" class=\"forminator-response-message forminator-error\" aria-hidden=\"true\"><\/div><div class=\"forminator-row\"><div id=\"select-1\" class=\"forminator-field-select forminator-col forminator-col-12  hide-label\"><div class=\"forminator-field\"><label for=\"forminator-form-1200__field--select-1_69ddfef56be8c\" id=\"forminator-form-1200__field--select-1_69ddfef56be8c-label\" class=\"forminator-label\">V\u00e4lj produkt eller tj\u00e4nst<\/label><select  id=\"forminator-form-1200__field--select-1_69ddfef56be8c\" class=\"forminator-select--field forminator-select2 forminator-select2-multiple\" data-required=\"\" name=\"select-1\" data-default-value=\"\" data-hidden-behavior=\"zero\" data-placeholder=\"V\u00e4lj produkt eller tj\u00e4nst\" data-search=\"false\" data-search-placeholder=\"V\u00e4lj produkt eller tj\u00e4nst\" data-checkbox=\"false\" data-allow-clear=\"false\" aria-labelledby=\"forminator-form-1200__field--select-1_69ddfef56be8c-label\"><option value=\"\"  >V\u00e4lj produkt eller tj\u00e4nst<\/option><option value=\"scudopro\"  data-calculation=\"0\">Scudo Pro<\/option><option value=\"consulting\"  data-calculation=\"0\">Konsultverksamhet<\/option><option value=\"general\"  data-calculation=\"0\">Allm\u00e4n<\/option><\/select><\/div><\/div><\/div><div class=\"forminator-row\"><div id=\"name-1\" class=\"forminator-field-name forminator-col forminator-col-6  hide-label\"><div class=\"forminator-field\"><label for=\"forminator-field-name-1_69ddfef56be8c\" id=\"forminator-field-name-1_69ddfef56be8c-label\" class=\"forminator-label\">Namn <span class=\"forminator-required\">*<\/span><\/label><input type=\"text\" name=\"name-1\" value=\"\" placeholder=\"Namn\" id=\"forminator-field-name-1_69ddfef56be8c\" class=\"forminator-input forminator-name--field\" aria-required=\"true\" \/><\/div><\/div><div id=\"email-1\" class=\"forminator-field-email forminator-col forminator-col-6  hide-label\"><div class=\"forminator-field\"><label for=\"forminator-field-email-1_69ddfef56be8c\" id=\"forminator-field-email-1_69ddfef56be8c-label\" class=\"forminator-label\">E-postadress <span class=\"forminator-required\">*<\/span><\/label><input type=\"email\" name=\"email-1\" value=\"\" placeholder=\"E-postadress\" id=\"forminator-field-email-1_69ddfef56be8c\" class=\"forminator-input forminator-email--field\" data-required=\"1\" aria-required=\"true\" \/><\/div><\/div><\/div><div class=\"forminator-row\"><div id=\"text-1\" class=\"forminator-field-text forminator-col forminator-col-6  hide-label\"><div class=\"forminator-field\"><label for=\"forminator-field-text-1_69ddfef56be8c\" id=\"forminator-field-text-1_69ddfef56be8c-label\" class=\"forminator-label\">Organisation <span class=\"forminator-required\">*<\/span><\/label><input type=\"text\" name=\"text-1\" value=\"\" placeholder=\"Organisation\" id=\"forminator-field-text-1_69ddfef56be8c\" class=\"forminator-input forminator-name--field\" data-required=\"1\" \/><\/div><\/div><div id=\"phone-1\" class=\"forminator-field-phone forminator-col forminator-col-6  hide-label\"><div class=\"forminator-field\"><label for=\"forminator-field-phone-1_69ddfef56be8c\" id=\"forminator-field-phone-1_69ddfef56be8c-label\" class=\"forminator-label\">Telefonnummer <span class=\"forminator-required\">*<\/span><\/label><input type=\"text\" name=\"phone-1\" value=\"\" placeholder=\"Telefonnummer\" id=\"forminator-field-phone-1_69ddfef56be8c\" class=\"forminator-input forminator-field--phone\" data-required=\"1\" aria-required=\"true\" autocomplete=\"off\" \/><\/div><\/div><\/div><div class=\"forminator-row\"><div id=\"textarea-1\" class=\"forminator-field-textarea forminator-col forminator-col-12  hide-label\"><div class=\"forminator-field\"><label for=\"forminator-field-textarea-1_69ddfef56be8c\" id=\"forminator-field-textarea-1_69ddfef56be8c-label\" class=\"forminator-label\">Meddelande<\/label><textarea name=\"textarea-1\" placeholder=\"Meddelande\" id=\"forminator-field-textarea-1_69ddfef56be8c\" class=\"forminator-textarea\" rows=\"6\" style=\"min-height:140px;\" ><\/textarea><\/div><\/div><\/div><div class=\"forminator-row\"><div id=\"captcha-1\" class=\"forminator-field-captcha forminator-col forminator-col-12 \"><div class=\"forminator-captcha-left forminator-g-recaptcha recaptcha-invisible\" data-theme=\"light\" data-badge=\"bottomright\" data-sitekey=\"6Lc510smAAAAAAtr4ifvwS9JyXsrPr1Nf1midvyj\" data-size=\"invisible\"><\/div> <\/div><\/div><input type=\"hidden\" name=\"referer_url\" value=\"\" \/><div class=\"forminator-row forminator-row-last\"><div class=\"forminator-col\"><div class=\"forminator-field\"><button class=\"forminator-button forminator-button-submit align-right\">S&auml;nd<\/button><\/div><\/div><\/div><input type=\"hidden\" id=\"forminator_nonce\" name=\"forminator_nonce\" value=\"57e55a8ed5\" \/><input type=\"hidden\" name=\"_wp_http_referer\" value=\"\/sv\/wp-json\/wp\/v2\/pages\/1183\" \/><input type=\"hidden\" name=\"form_id\" value=\"1200\"><input type=\"hidden\" name=\"page_id\" value=\"1183\"><input type=\"hidden\" name=\"form_type\" value=\"default\"><input type=\"hidden\" name=\"current_url\" value=\"https:\/\/www.scudo.fi\/sv\/forfragan\/\"><input type=\"hidden\" name=\"render_id\" value=\"1\"><input type=\"hidden\" name=\"action\" value=\"forminator_submit_form_custom-forms\"><\/form><\/p>\n","protected":false},"author":1,"featured_media":0,"parent":0,"menu_order":0,"comment_status":"closed","ping_status":"closed","template":"","meta":{"_et_pb_use_builder":"on","_et_pb_old_content":"","_et_gb_content_width":"","footnotes":""},"class_list":["post-1183","page","type-page","status-publish","hentry"],"_links":{"self":[{"href":"https:\/\/www.scudo.fi\/sv\/wp-json\/wp\/v2\/pages\/1183","targetHints":{"allow":["GET"]}}],"collection":[{"href":"https:\/\/www.scudo.fi\/sv\/wp-json\/wp\/v2\/pages"}],"about":[{"href":"https:\/\/www.scudo.fi\/sv\/wp-json\/wp\/v2\/types\/page"}],"author":[{"embeddable":true,"href":"https:\/\/www.scudo.fi\/sv\/wp-json\/wp\/v2\/users\/1"}],"replies":[{"embeddable":true,"href":"https:\/\/www.scudo.fi\/sv\/wp-json\/wp\/v2\/comments?post=1183"}],"version-history":[{"count":9,"href":"https:\/\/www.scudo.fi\/sv\/wp-json\/wp\/v2\/pages\/1183\/revisions"}],"predecessor-version":[{"id":112158,"href":"https:\/\/www.scudo.fi\/sv\/wp-json\/wp\/v2\/pages\/1183\/revisions\/112158"}],"wp:attachment":[{"href":"https:\/\/www.scudo.fi\/sv\/wp-json\/wp\/v2\/media?parent=1183"}],"curies":[{"name":"wp","href":"https:\/\/api.w.org\/{rel}","templated":true}]}}