{"id":1364,"date":"2023-06-02T09:46:05","date_gmt":"2023-06-02T06:46:05","guid":{"rendered":"https:\/\/scudo.local\/?page_id=1364"},"modified":"2023-06-02T15:27:27","modified_gmt":"2023-06-02T12:27:27","slug":"tietosuoja","status":"publish","type":"page","link":"https:\/\/www.scudo.fi\/fi\/tietosuoja\/","title":{"rendered":"Tietosuoja"},"content":{"rendered":"<p>[et_pb_section fb_built=&#8221;1&#8243; custom_padding_last_edited=&#8221;on|phone&#8221; admin_label=&#8221;Contact&#8221; _builder_version=&#8221;4.21.0&#8243; use_background_color_gradient=&#8221;on&#8221; background_color_gradient_stops=&#8221;#062610 0%|#167b2f 100%&#8221; background_color_gradient_start=&#8221;#12163D&#8221; background_color_gradient_end=&#8221;#2b2996&#8243; background_enable_image=&#8221;off&#8221; parallax=&#8221;on&#8221; custom_margin=&#8221;||||false|false&#8221; custom_padding=&#8221;200px|0|120px||false|false&#8221; custom_padding_tablet=&#8221;200px|||&#8221; custom_padding_phone=&#8221;150px||100px|&#8221; top_divider_height=&#8221;350px&#8221; top_divider_height_tablet=&#8221;200px&#8221; top_divider_height_phone=&#8221;150px&#8221; top_divider_height_last_edited=&#8221;on|phone&#8221; saved_tabs=&#8221;all&#8221; global_colors_info=&#8221;{}&#8221;][et_pb_row _builder_version=&#8221;4.16&#8243; global_colors_info=&#8221;{}&#8221;][et_pb_column type=&#8221;4_4&#8243; _builder_version=&#8221;4.16&#8243; custom_padding=&#8221;|||&#8221; global_colors_info=&#8221;{}&#8221; custom_padding__hover=&#8221;|||&#8221;][et_pb_text _builder_version=&#8221;4.21.0&#8243; text_font=&#8221;||||||||&#8221; header_font=&#8221;||||||||&#8221; header_font_size=&#8221;60px&#8221; header_2_font=&#8221;|600|||||||&#8221; header_2_font_size=&#8221;36px&#8221; header_2_letter_spacing=&#8221;2px&#8221; header_2_line_height=&#8221;1.3em&#8221; text_orientation=&#8221;center&#8221; background_layout=&#8221;dark&#8221; header_2_font_size_tablet=&#8221;&#8221; header_2_font_size_phone=&#8221;28px&#8221; header_2_font_size_last_edited=&#8221;on|phone&#8221; global_colors_info=&#8221;{}&#8221;]<\/p>\n<h1>Tietosuojaseloste<\/h1>\n<h2>Scudo Solutions Oy:n asiakas- ja markkinointirekisteri<\/h2>\n<p>[\/et_pb_text][et_pb_divider color=&#8221;#EECF32&#8243; divider_weight=&#8221;4px&#8221; _builder_version=&#8221;4.21.0&#8243; max_width=&#8221;80px&#8221; module_alignment=&#8221;center&#8221; height=&#8221;4px&#8221; global_colors_info=&#8221;{}&#8221;][\/et_pb_divider][et_pb_text _builder_version=&#8221;4.21.0&#8243; text_font=&#8221;||||||||&#8221; text_font_size=&#8221;16px&#8221; text_line_height=&#8221;1.6em&#8221; header_font=&#8221;||||||||&#8221; header_3_font=&#8221;|600|||||||&#8221; text_orientation=&#8221;center&#8221; background_layout=&#8221;dark&#8221; max_width=&#8221;700px&#8221; module_alignment=&#8221;center&#8221; hover_enabled=&#8221;0&#8243; global_colors_info=&#8221;{}&#8221; sticky_enabled=&#8221;0&#8243;]<\/p>\n<h3 style=\"text-align: left;\">1. Rekisterinpit\u00e4j\u00e4<\/h3>\n<p style=\"text-align: left;\">Scudo Solutions Oy (2450564-4)<br \/>\nLinnoitustie 4<br \/>\n02600 Espoo<\/p>\n<h3 style=\"text-align: left;\">2. Asiakas- ja markkinointirekisteriasioista vastaava henkil\u00f6<\/h3>\n<p style=\"text-align: left;\">Antti Tavaila (antti.tavaila @ scudo.fi)<\/p>\n<h3 style=\"text-align: left;\">3. Rekisterin nimi<\/h3>\n<p style=\"text-align: left;\">Scudo Solutions Oy \u2013 asiakas- ja markkinointirekisteri<\/p>\n<h3 style=\"text-align: left;\">4. Henkil\u00f6tietojen k\u00e4sittelyn tarkoitus<\/h3>\n<p style=\"text-align: left;\">Rekisteriin tallennettuja henkil\u00f6tietoja k\u00e4ytet\u00e4\u00e4n:<\/p>\n<ul style=\"text-align: left;\">\n<li>Asiakassuhteiden hoitoon ja yll\u00e4pitoon<\/li>\n<li>Markkinointiin<\/li>\n<\/ul>\n<h3 style=\"text-align: left;\">5. Rekisterin tietosis\u00e4lt\u00f6<\/h3>\n<p style=\"text-align: left;\">Rekisterin tietosis\u00e4lt\u00f6 voi sis\u00e4lt\u00e4\u00e4 seuraavia henkil\u00f6tietoja:<\/p>\n<ul style=\"text-align: left;\">\n<li>Etunimi, sukunimi<\/li>\n<li>S\u00e4hk\u00f6postiosoite<\/li>\n<li>Puhelinnumero<\/li>\n<li>Yritys<\/li>\n<li>Yrityksen osoite<\/li>\n<\/ul>\n<h3 style=\"text-align: left;\">6. S\u00e4\u00e4nn\u00f6nmukaiset tietol\u00e4hteet<\/h3>\n<p style=\"text-align: left;\">Rekisterin sis\u00e4lt\u00e4mien tietojen tietol\u00e4hteit\u00e4 ovat:<\/p>\n<ul style=\"text-align: left;\">\n<li>Asiakastapaamiset<\/li>\n<li>Julkisesta uutisvirrasta tehdyt havainnot<\/li>\n<li>Ulkopuolisilta palvelun tuottajilta ostetut markkinointirekisterit<\/li>\n<li>Hakemalla yleisist\u00e4 yritystietoj\u00e4rjestelmist\u00e4 kuten www.ytj.fi tai www.finder.fi<\/li>\n<li>Markkinointikirjeet<\/li>\n<li>Kyselylomakkeet<\/li>\n<\/ul>\n<h3 style=\"text-align: left;\">7. Ev\u00e4steet<\/h3>\n<p style=\"text-align: left;\">K\u00e4yt\u00e4mme ev\u00e4steit\u00e4 ja muuta vastaavaa teknologiaa analysoimaan mm. mist\u00e4 IP osoitteesta Scudo Solutions Oy:n kotisivuilla vieraillaan.<\/p>\n<h3 style=\"text-align: left;\">8. S\u00e4\u00e4nn\u00f6nmukaiset tietojen luovutukset ja tietojen siirto EU tai Euroopan talousalueen ulkopuolelle<\/h3>\n<p style=\"text-align: left;\">Scudo Solutions Oy ei luovuta rekisterin tietoja kolmansille osapuolille tai k\u00e4yt\u00e4 henkil\u00f6tietoja muuhun tarkoitukseen kuin asiakkaan toimitussopimuksen t\u00e4ytt\u00e4miseksi. Toimittaja ei luovuta tietoja EU tai Euroopan talousalueen ulkopuolelle.<\/p>\n<h3 style=\"text-align: left;\">9. Rekister\u00f6idyn oikeudet<\/h3>\n<p style=\"text-align: left;\">Tarkastus- ja oikaisuoikeus:<\/p>\n<ul style=\"text-align: left;\">\n<li>Rekister\u00f6idyll\u00e4 on oikeus tarkastaa h\u00e4nt\u00e4 koskevat rekisteriin tallennetut tiedot. Tarkastusoikeutta koskevat yhteydenotot tulee tehd\u00e4 kirjallisena rekisteriasioista vastaavalle henkil\u00f6lle.<\/li>\n<li>Jos rekister\u00f6idyiss\u00e4 tiedoissa on virheit\u00e4, rekister\u00f6ity voi esitt\u00e4\u00e4 rekisteriasioista vastaavalle henkil\u00f6lle virheen korjaamista koskevan pyynn\u00f6n.<\/li>\n<\/ul>\n<p style=\"text-align: left;\">Oikeus tulla unohdetuksi:<\/p>\n<ul style=\"text-align: left;\">\n<li>Rekister\u00f6idyll\u00e4 on oikeus tulla unohdetuksi. T\u00e4ll\u00f6in h\u00e4nt\u00e4 koskevat tiedot poistetaan rekisterist\u00e4.<\/li>\n<\/ul>\n<p style=\"text-align: left;\">Oikeus siirt\u00e4\u00e4 tiedot toiseen j\u00e4rjestelm\u00e4\u00e4n:<\/p>\n<ul style=\"text-align: left;\">\n<li>Rekister\u00f6idyll\u00e4 on oikeus siirt\u00e4\u00e4 h\u00e4nt\u00e4 koskevat tiedot s\u00e4hk\u00f6isesti luettavassa muodossa toiseen j\u00e4rjestelm\u00e4\u00e4n.<\/li>\n<\/ul>\n<h3 style=\"text-align: left;\">10. Rekisterin suojauksen periaatteet<\/h3>\n<p style=\"text-align: left;\">Rekisterimme on tallennettu s\u00e4hk\u00f6isess\u00e4 muodossa.<br \/>\nHenkil\u00f6tietoja sis\u00e4lt\u00e4v\u00e4n j\u00e4rjestelm\u00e4n k\u00e4ytt\u00f6\u00f6n ovat oikeutettuja vain ne ty\u00f6ntekij\u00e4t, joilla on ty\u00f6ns\u00e4 puolesta oikeus k\u00e4sitell\u00e4 rekisterin tietoja. Tiedot ker\u00e4t\u00e4\u00e4n tietokantoihin, jotka ovat teknisill\u00e4 keinoilla suojattuja.<\/p>\n<h3 style=\"text-align: left;\">11. Tietosuojakuvauksen p\u00e4ivitykset<\/h3>\n<p style=\"text-align: left;\">Scudo Solutions Oy p\u00e4ivitt\u00e4\u00e4 t\u00e4t\u00e4 tietosuojakuvausta uusilla versioilla tarvittaessa. Uusin versio on julkaistu Scudo Solutions Oy:n internet sivuilla osoitteessa www.scudo.fi.<\/p>\n<p>[\/et_pb_text][\/et_pb_column][\/et_pb_row][\/et_pb_section]<\/p>\n","protected":false},"excerpt":{"rendered":"<p>Tietosuojaseloste Scudo Solutions Oy:n asiakas- ja markkinointirekisteri1. Rekisterinpit\u00e4j\u00e4 Scudo Solutions Oy (2450564-4) Linnoitustie 4 02600 Espoo 2. Asiakas- ja markkinointirekisteriasioista vastaava henkil\u00f6 Antti Tavaila (antti.tavaila @ scudo.fi) 3. Rekisterin nimi Scudo Solutions Oy \u2013 asiakas- ja markkinointirekisteri 4. Henkil\u00f6tietojen k\u00e4sittelyn tarkoitus Rekisteriin tallennettuja henkil\u00f6tietoja k\u00e4ytet\u00e4\u00e4n: Asiakassuhteiden hoitoon ja yll\u00e4pitoon Markkinointiin 5. Rekisterin tietosis\u00e4lt\u00f6 Rekisterin tietosis\u00e4lt\u00f6 [&hellip;]<\/p>\n","protected":false},"author":1,"featured_media":0,"parent":0,"menu_order":0,"comment_status":"closed","ping_status":"closed","template":"","meta":{"_et_pb_use_builder":"on","_et_pb_old_content":"[et_pb_section fb_built=\"1\" custom_padding_last_edited=\"on|phone\" admin_label=\"Contact\" _builder_version=\"4.21.0\" use_background_color_gradient=\"on\" background_color_gradient_stops=\"#062610 0%|#167b2f 100%\" background_color_gradient_start=\"#12163D\" background_color_gradient_end=\"#2b2996\" background_enable_image=\"off\" parallax=\"on\" custom_margin=\"||||false|false\" custom_padding=\"200px|0|120px||false|false\" custom_padding_tablet=\"200px|||\" custom_padding_phone=\"150px||100px|\" top_divider_height=\"350px\" top_divider_height_tablet=\"200px\" top_divider_height_phone=\"150px\" top_divider_height_last_edited=\"on|phone\" saved_tabs=\"all\" global_colors_info=\"{}\"][et_pb_row _builder_version=\"4.16\" global_colors_info=\"{}\"][et_pb_column type=\"4_4\" _builder_version=\"4.16\" custom_padding=\"|||\" global_colors_info=\"{}\" custom_padding__hover=\"|||\"][et_pb_text _builder_version=\"4.21.0\" text_font=\"||||||||\" header_font=\"||||||||\" header_font_size=\"60px\" header_2_font=\"|600|||||||\" header_2_font_size=\"36px\" header_2_letter_spacing=\"2px\" header_2_line_height=\"1.3em\" text_orientation=\"center\" background_layout=\"dark\" header_2_font_size_tablet=\"\" header_2_font_size_phone=\"28px\" header_2_font_size_last_edited=\"on|phone\" global_colors_info=\"{}\"]\n<h1>Ota yhteytt\u00e4<\/h1>\n[\/et_pb_text][et_pb_divider color=\"#EECF32\" divider_weight=\"4px\" _builder_version=\"4.21.0\" max_width=\"80px\" module_alignment=\"center\" height=\"4px\" global_colors_info=\"{}\"][\/et_pb_divider][et_pb_text _builder_version=\"4.21.0\" text_font=\"||||||||\" text_font_size=\"18px\" text_line_height=\"1.6em\" header_font=\"||||||||\" text_orientation=\"center\" background_layout=\"dark\" max_width=\"700px\" module_alignment=\"center\" hover_enabled=\"0\" global_colors_info=\"{}\" sticky_enabled=\"0\"]\n<p style=\"text-align: center;\">J\u00e4tetty\u00e4si yhteydenottopyynn\u00f6n myyntimme on pian yhteydess\u00e4 koskien haluamiasi ratkaisuja tai palveluita.<\/p>\n[\/et_pb_text][\/et_pb_column][\/et_pb_row][et_pb_row _builder_version=\"4.21.0\" custom_margin=\"40px|||\" custom_padding=\"0||0||false|false\" animation_style=\"fade\" animation_direction=\"top\" box_shadow_style=\"preset1\" box_shadow_blur=\"60px\" box_shadow_color=\"RGBA(22,123,47,0.4)\" global_colors_info=\"{}\"][et_pb_column type=\"4_4\" _builder_version=\"4.16\" custom_padding=\"|||\" global_colors_info=\"{}\" custom_padding__hover=\"|||\"][et_pb_code _builder_version=\"4.21.0\" _module_preset=\"default\" global_colors_info=\"{}\"][forminator_form id=\"1053\"][\/et_pb_code][\/et_pb_column][\/et_pb_row][\/et_pb_section]","_et_gb_content_width":"","footnotes":""},"class_list":["post-1364","page","type-page","status-publish","hentry"],"_links":{"self":[{"href":"https:\/\/www.scudo.fi\/fi\/wp-json\/wp\/v2\/pages\/1364","targetHints":{"allow":["GET"]}}],"collection":[{"href":"https:\/\/www.scudo.fi\/fi\/wp-json\/wp\/v2\/pages"}],"about":[{"href":"https:\/\/www.scudo.fi\/fi\/wp-json\/wp\/v2\/types\/page"}],"author":[{"embeddable":true,"href":"https:\/\/www.scudo.fi\/fi\/wp-json\/wp\/v2\/users\/1"}],"replies":[{"embeddable":true,"href":"https:\/\/www.scudo.fi\/fi\/wp-json\/wp\/v2\/comments?post=1364"}],"version-history":[{"count":12,"href":"https:\/\/www.scudo.fi\/fi\/wp-json\/wp\/v2\/pages\/1364\/revisions"}],"predecessor-version":[{"id":1459,"href":"https:\/\/www.scudo.fi\/fi\/wp-json\/wp\/v2\/pages\/1364\/revisions\/1459"}],"wp:attachment":[{"href":"https:\/\/www.scudo.fi\/fi\/wp-json\/wp\/v2\/media?parent=1364"}],"curies":[{"name":"wp","href":"https:\/\/api.w.org\/{rel}","templated":true}]}}