{"id":1384,"date":"2023-06-02T09:46:05","date_gmt":"2023-06-02T06:46:05","guid":{"rendered":"https:\/\/scudo.local\/tietosuoja\/"},"modified":"2023-06-02T15:24:51","modified_gmt":"2023-06-02T12:24:51","slug":"data-privacy","status":"publish","type":"page","link":"https:\/\/www.scudo.fi\/en\/data-privacy\/","title":{"rendered":"Data Privacy"},"content":{"rendered":"<p>[et_pb_section fb_built=&#8221;1&#8243; custom_padding_last_edited=&#8221;on|phone&#8221; admin_label=&#8221;Contact&#8221; _builder_version=&#8221;4.21.0&#8243; use_background_color_gradient=&#8221;on&#8221; background_color_gradient_stops=&#8221;#062610 0%|#167b2f 100%&#8221; background_color_gradient_start=&#8221;#12163D&#8221; background_color_gradient_end=&#8221;#2b2996&#8243; background_enable_image=&#8221;off&#8221; parallax=&#8221;on&#8221; custom_margin=&#8221;||||false|false&#8221; custom_padding=&#8221;200px|0|120px||false|false&#8221; custom_padding_tablet=&#8221;200px|||&#8221; custom_padding_phone=&#8221;150px||100px|&#8221; top_divider_height=&#8221;350px&#8221; top_divider_height_tablet=&#8221;200px&#8221; top_divider_height_phone=&#8221;150px&#8221; top_divider_height_last_edited=&#8221;on|phone&#8221; saved_tabs=&#8221;all&#8221; global_colors_info=&#8221;{}&#8221;][et_pb_row _builder_version=&#8221;4.16&#8243; global_colors_info=&#8221;{}&#8221;][et_pb_column type=&#8221;4_4&#8243; _builder_version=&#8221;4.16&#8243; custom_padding=&#8221;|||&#8221; global_colors_info=&#8221;{}&#8221; custom_padding__hover=&#8221;|||&#8221;][et_pb_text _builder_version=&#8221;4.21.0&#8243; text_font=&#8221;||||||||&#8221; header_font=&#8221;||||||||&#8221; header_font_size=&#8221;60px&#8221; header_2_font=&#8221;|600|||||||&#8221; header_2_font_size=&#8221;36px&#8221; header_2_letter_spacing=&#8221;2px&#8221; header_2_line_height=&#8221;1.3em&#8221; text_orientation=&#8221;center&#8221; background_layout=&#8221;dark&#8221; hover_enabled=&#8221;0&#8243; header_2_font_size_tablet=&#8221;&#8221; header_2_font_size_phone=&#8221;28px&#8221; header_2_font_size_last_edited=&#8221;on|phone&#8221; global_colors_info=&#8221;{}&#8221; sticky_enabled=&#8221;0&#8243;]<\/p>\n<h1>Data Privacy<\/h1>\n<h2>Description of Data Privacy and Explanation of Process<\/h2>\n<p>[\/et_pb_text][et_pb_divider color=&#8221;#EECF32&#8243; divider_weight=&#8221;4px&#8221; _builder_version=&#8221;4.21.0&#8243; max_width=&#8221;80px&#8221; module_alignment=&#8221;center&#8221; height=&#8221;4px&#8221; global_colors_info=&#8221;{}&#8221;][\/et_pb_divider][et_pb_text _builder_version=&#8221;4.21.0&#8243; text_font=&#8221;||||||||&#8221; text_font_size=&#8221;16px&#8221; text_line_height=&#8221;1.6em&#8221; header_font=&#8221;||||||||&#8221; header_3_font=&#8221;|600|||||||&#8221; text_orientation=&#8221;center&#8221; background_layout=&#8221;dark&#8221; max_width=&#8221;700px&#8221; module_alignment=&#8221;center&#8221; hover_enabled=&#8221;0&#8243; global_colors_info=&#8221;{}&#8221; sticky_enabled=&#8221;0&#8243;]<\/p>\n<h3 style=\"text-align: left;\">1. Supplier Privacy Statement<\/h3>\n<p style=\"text-align: left;\">We take care of protection of your privacy and personal data in Scudo Pro Service. This description of data privacy explains what information is collected to data file, and how information is used, and what are the rights of data subjects to their information.<\/p>\n<h3 style=\"text-align: left;\">2. Controller of the Data File \/ Customer<\/h3>\n<p style=\"text-align: left;\">Controller of the data file is a customer organisation who has made a contract on Scudo Pro service provided and maintained by Scudo Solutions Oy.<\/p>\n<h3 style=\"text-align: left;\">3. Processor of the Data File \/ Supplier<\/h3>\n<p style=\"text-align: left;\">Scudo Solutions Oy (2450564-4)<br \/>Linnoitustie 4<br \/>02600 Espoo<\/p>\n<h3 style=\"text-align: left;\">4. Person in charge of processing the Data File<\/h3>\n<p style=\"text-align: left;\">Ville-Petteri J. M\u00e4kinen<br \/>ville-petteri.makinen@scudo.fi<\/p>\n<h3 style=\"text-align: left;\">5. Name of the Data File<\/h3>\n<p style=\"text-align: left;\">ScudoPro \u2013 Personal data files (User data file and company contact person data file)<\/p>\n<h3 style=\"text-align: left;\">6. Purpose of the Data File<\/h3>\n<p style=\"text-align: left;\">Personal data saved to data file are used for:<\/p>\n<ul style=\"text-align: left;\">\n<li>Providing ScudoPro service.<\/li>\n<li>User identification.<\/li>\n<li>Fixing bugs in service.<\/li>\n<li>Accurate customer billing.<\/li>\n<\/ul>\n<h3 style=\"text-align: left;\">7. Contents of the Data File<\/h3>\n<p style=\"text-align: left;\">Data file can include the following information:<\/p>\n<ul style=\"text-align: left;\">\n<li>Username<\/li>\n<li>Name (First- and surname)<\/li>\n<li>E-mail address<\/li>\n<li>Mailing address<\/li>\n<li>Phone number<\/li>\n<li>Login history<\/li>\n<li>Time of login and logout<\/li>\n<li>IP-address<\/li>\n<\/ul>\n<h3 style=\"text-align: left;\">8. Regular Data Sources<\/h3>\n<p style=\"text-align: left;\">Information concerning data subject is received regularly:<\/p>\n<ul style=\"text-align: left;\">\n<li>Information is received from creation or editing of username by customer.<\/li>\n<li>User is editing her\/his user information.<\/li>\n<li>User is logging into system.<\/li>\n<li>Company contact person data file maintained by user.<\/li>\n<\/ul>\n<h3 style=\"text-align: left;\">9. Cookies and Local Storage of Browser<\/h3>\n<p style=\"text-align: left;\">Cookies and Local Storage of browser is used:<\/p>\n<ul style=\"text-align: left;\">\n<li>User identification.<\/li>\n<li>To remember choices edited by user.<\/li>\n<\/ul>\n<p style=\"text-align: left;\">User can remove cookies from local storage saved by browser.<\/p>\n<h3 style=\"text-align: left;\">10. Regular Transfer of Data outside the EU or EEA<\/h3>\n<p style=\"text-align: left;\">Scudo Solutions Oy does not disclose information from the data file to third parties or use personal data to any other use than to fulfill contractual obligations of customer.<\/p>\n<p style=\"text-align: left;\">Supplier does not transfer data outside the EU or EEA.<\/p>\n<h3 style=\"text-align: left;\">11. Rights of the Data Subject<\/h3>\n<p style=\"text-align: left;\"><em>Right to verify and correct<\/em><br \/>Data subject has the right to verify her\/his information saved to data file. Contacts concerning the right of verification shall be made to the person in charge of data file of customer (data protection officer or main user of customer).<\/p>\n<p style=\"text-align: left;\">In case of errors in data file, data subject can request person in charge of data file to correct errors.<\/p>\n<p style=\"text-align: left;\">Data subjects can check information collected from them directly from Scudo Pro service using \u201cShow my detail\u201d button in Welcome -page.<\/p>\n<p style=\"text-align: left;\"><em>Right to be Forgotten<\/em><br \/>Data subject has right to be forgotten from data file. In that case her\/his information is deleted from data file. Also, user rights to system are removed. Requests shall be addressed to the person in charge of data file.<\/p>\n<p style=\"text-align: left;\">Supplier will not directly reply to inquiries or requests made by users of customers concerning inquiries or requests on rights of data subject because information of data subject is maintained by customer.<\/p>\n<p style=\"text-align: left;\">Person responsible of customer\u2019s data file can ask help from person responsible of controlling of supplier\u2019s data file on implementation of inquiries and requests of rights of data subject.<\/p>\n<h3 style=\"text-align: left;\">12. Principles of Data File Security<\/h3>\n<p style=\"text-align: left;\">Personal data files are stored in electronic format.<\/p>\n<p style=\"text-align: left;\">Access rights to system which includes personal data are only given to employees of supplier who are authorised to handle user information because of their job role. Each user has personal username and password to system. Movement in workspaces is monitored by access control. Data is collected to databases which are protected by technical means, and databases locate on servers which reside in a separate physically protected space.<\/p>\n<h3 style=\"text-align: left;\">13. Updates of Description of Data Privacy<\/h3>\n<p style=\"text-align: left;\">Scudo Solutions Oy updates this description of data privacy with new versions when needed. Latest version is published in Scudo Pro service of Scudo Solutions Oy, and data subjects should review description on a regular basis.<\/p>\n<p>[\/et_pb_text][\/et_pb_column][\/et_pb_row][\/et_pb_section]<\/p>\n","protected":false},"excerpt":{"rendered":"<p>Data Privacy Description of Data Privacy and Explanation of Process1. Supplier Privacy Statement We take care of protection of your privacy and personal data in Scudo Pro Service. This description of data privacy explains what information is collected to data file, and how information is used, and what are the rights of data subjects to [&hellip;]<\/p>\n","protected":false},"author":1,"featured_media":0,"parent":0,"menu_order":0,"comment_status":"closed","ping_status":"closed","template":"","meta":{"_et_pb_use_builder":"on","_et_pb_old_content":"[et_pb_section fb_built=\"1\" custom_padding_last_edited=\"on|phone\" admin_label=\"Contact\" _builder_version=\"4.21.0\" use_background_color_gradient=\"on\" background_color_gradient_stops=\"#062610 0%|#167b2f 100%\" background_color_gradient_start=\"#12163D\" background_color_gradient_end=\"#2b2996\" background_enable_image=\"off\" parallax=\"on\" custom_margin=\"||||false|false\" custom_padding=\"200px|0|120px||false|false\" custom_padding_tablet=\"200px|||\" custom_padding_phone=\"150px||100px|\" top_divider_height=\"350px\" top_divider_height_tablet=\"200px\" top_divider_height_phone=\"150px\" top_divider_height_last_edited=\"on|phone\" saved_tabs=\"all\" global_colors_info=\"{}\"][et_pb_row _builder_version=\"4.16\" global_colors_info=\"{}\"][et_pb_column type=\"4_4\" _builder_version=\"4.16\" custom_padding=\"|||\" global_colors_info=\"{}\" custom_padding__hover=\"|||\"][et_pb_text _builder_version=\"4.21.0\" text_font=\"||||||||\" header_font=\"||||||||\" header_font_size=\"60px\" header_2_font=\"|600|||||||\" header_2_font_size=\"36px\" header_2_letter_spacing=\"2px\" header_2_line_height=\"1.3em\" text_orientation=\"center\" background_layout=\"dark\" header_2_font_size_tablet=\"\" header_2_font_size_phone=\"28px\" header_2_font_size_last_edited=\"on|phone\" global_colors_info=\"{}\"]\n<h1>Ota yhteytt\u00e4<\/h1>\n[\/et_pb_text][et_pb_divider color=\"#EECF32\" divider_weight=\"4px\" _builder_version=\"4.21.0\" max_width=\"80px\" module_alignment=\"center\" height=\"4px\" global_colors_info=\"{}\"][\/et_pb_divider][et_pb_text _builder_version=\"4.21.0\" text_font=\"||||||||\" text_font_size=\"18px\" text_line_height=\"1.6em\" header_font=\"||||||||\" text_orientation=\"center\" background_layout=\"dark\" max_width=\"700px\" module_alignment=\"center\" hover_enabled=\"0\" global_colors_info=\"{}\" sticky_enabled=\"0\"]\n<p style=\"text-align: center;\">J\u00e4tetty\u00e4si yhteydenottopyynn\u00f6n myyntimme on pian yhteydess\u00e4 koskien haluamiasi ratkaisuja tai palveluita.<\/p>\n[\/et_pb_text][\/et_pb_column][\/et_pb_row][et_pb_row _builder_version=\"4.21.0\" custom_margin=\"40px|||\" custom_padding=\"0||0||false|false\" animation_style=\"fade\" animation_direction=\"top\" box_shadow_style=\"preset1\" box_shadow_blur=\"60px\" box_shadow_color=\"RGBA(22,123,47,0.4)\" global_colors_info=\"{}\"][et_pb_column type=\"4_4\" _builder_version=\"4.16\" custom_padding=\"|||\" global_colors_info=\"{}\" custom_padding__hover=\"|||\"][et_pb_code _builder_version=\"4.21.0\" _module_preset=\"default\" global_colors_info=\"{}\"][forminator_form id=\"1053\"][\/et_pb_code][\/et_pb_column][\/et_pb_row][\/et_pb_section]","_et_gb_content_width":"","footnotes":""},"class_list":["post-1384","page","type-page","status-publish","hentry"],"_links":{"self":[{"href":"https:\/\/www.scudo.fi\/en\/wp-json\/wp\/v2\/pages\/1384","targetHints":{"allow":["GET"]}}],"collection":[{"href":"https:\/\/www.scudo.fi\/en\/wp-json\/wp\/v2\/pages"}],"about":[{"href":"https:\/\/www.scudo.fi\/en\/wp-json\/wp\/v2\/types\/page"}],"author":[{"embeddable":true,"href":"https:\/\/www.scudo.fi\/en\/wp-json\/wp\/v2\/users\/1"}],"replies":[{"embeddable":true,"href":"https:\/\/www.scudo.fi\/en\/wp-json\/wp\/v2\/comments?post=1384"}],"version-history":[{"count":5,"href":"https:\/\/www.scudo.fi\/en\/wp-json\/wp\/v2\/pages\/1384\/revisions"}],"predecessor-version":[{"id":1435,"href":"https:\/\/www.scudo.fi\/en\/wp-json\/wp\/v2\/pages\/1384\/revisions\/1435"}],"wp:attachment":[{"href":"https:\/\/www.scudo.fi\/en\/wp-json\/wp\/v2\/media?parent=1384"}],"curies":[{"name":"wp","href":"https:\/\/api.w.org\/{rel}","templated":true}]}}